{"id":1589,"date":"2022-01-19T10:15:05","date_gmt":"2022-01-19T10:15:05","guid":{"rendered":"https:\/\/www.tramar-sa.fr\/our-subsidiaries\/tramar-s-r-c\/"},"modified":"2022-04-29T14:27:35","modified_gmt":"2022-04-29T14:27:35","slug":"tramar-s-r-c","status":"publish","type":"page","link":"https:\/\/www.tramar-sa.fr\/en\/our-subsidiaries\/tramar-s-r-c\/","title":{"rendered":"Tramar S.R.C"},"content":{"rendered":"<h1><span>Tramar S.R.C<\/span><\/h1>\n<div>\n<p>As an expert in the reception and forwarding of coffee in France, the Soci\u00e9t\u00e9 des Receveurs de Caf\u00e9 (S.R.C.) specialises in the storage of Fair Trade food and organic products.<\/p>\n<p>Supported by a competent and knowledgeable team, the S.R.C. divides its activity into three main areas:<\/p>\n<\/div>\n<div>\n<div class=\"dbc-background-tertiary dbc-circle dbc-circle-large dbc-circle-top-right uk-border-pill\"><\/div>\n<div class=\"uk-background-primary uk-margin-large-bottom dbc-circle dbc-circle-medium dbc-circle-bottom-left uk-border-pill\"><\/div>\n<\/div>\n<p><img decoding=\"async\" src=\"\/wp-content\/uploads\/2022\/01\/gestion-logistique.jpg\" alt=\"Gestion logistique\"><\/p>\n<h2>A storage capacity of 12,000 m\u00b2 for 160,000 bags of coffee<\/h2>\n<div>\n<p>Built in 2005, the S.R.C. warehouse is designed for mass storage. 50,000 tonnes of coffee pass through the warehouse every year.<\/p>\n<p>It is the first warehouse in Europe to be awarded the &#8220;European Free Trade Zone&#8221; label, and is also approved by the London LIFFE futures market for receiving and storing Robusta coffees.<\/p>\n<\/div>\n<p><img decoding=\"async\" src=\"\/wp-content\/uploads\/2022\/01\/transitaire-scaled.jpg\" alt=\"Plus qu'un transitaire\"><\/p>\n<h2>A comprehensive handling offer<\/h2>\n<div>\n<p>From collecting your containers at the port terminals to their unloading, storage, and reloading, S.R.C. provides all services according to your instructions.<\/p>\n<\/div>\n<p><img decoding=\"async\" src=\"\/wp-content\/uploads\/2022\/01\/e-commerce-scaled.jpg\" alt=\"Gestion logistique\"><\/p>\n<h2>A quality warehouse management system<\/h2>\n<div>\n<p>S.R.C. is equipped with a management tool enabling it to monitor operations and manage inventory in real time.<\/p>\n<p>Thanks to this system, transactions become more fluid and formalities are streamlined.<\/p>\n<\/p>\n<p>For more information: <span><a href=\"http:\/\/www.receveurs-de-cafe.fr\">www.receveurs-de-cafe.fr<\/a><\/span><\/p>\n<\/div>\n<p><!--more--><br \/>\n<!-- {\"type\":\"layout\",\"children\":[{\"type\":\"section\",\"props\":{\"style\":\"secondary\",\"width\":\"\",\"vertical_align\":\"middle\",\"title_position\":\"top-left\",\"title_rotation\":\"left\",\"title_breakpoint\":\"xl\",\"image_position\":\"center-center\",\"padding\":\"none\",\"preserve_color\":true,\"class\":\"\",\"overlap\":false},\"children\":[{\"type\":\"row\",\"props\":{\"layout\":\"3-5,2-5\",\"column_gap\":\"collapse\",\"row_gap\":\"collapse\",\"class\":\"\"},\"children\":[{\"type\":\"column\",\"props\":{\"position_sticky_breakpoint\":\"m\",\"image_position\":\"center-center\",\"media_overlay_gradient\":\"\",\"width_medium\":\"3-5\",\"vertical_align\":\"middle\",\"style\":\"secondary\",\"class\":\"\",\"padding\":\"large\",\"preserve_color\":true,\"image\":\"wp-content\\\/uploads\\\/2022\\\/01\\\/transport-routier-scaled.jpg\",\"image_size\":\"cover\"},\"children\":[]},{\"type\":\"column\",\"props\":{\"position_sticky_breakpoint\":\"m\",\"image_position\":\"center-center\",\"media_overlay_gradient\":\"\",\"width_medium\":\"2-5\",\"style\":\"secondary\",\"image\":\"\",\"image_size\":\"cover\",\"class\":\"dbc-tile-presentation-top uk-position-relative\",\"vertical_align\":\"middle\",\"preserve_color\":true,\"order_first\":\"m\"},\"children\":[{\"type\":\"headline\",\"props\":{\"title_element\":\"h1\",\"title_color\":\"emphasis\",\"content\":\"<span>Tramar S.R.C<\\\/span>\"}},{\"type\":\"text\",\"props\":{\"margin\":\"default\",\"column_breakpoint\":\"m\",\"class\":\"\",\"text_color\":\"emphasis\",\"content\":\"\n\n<p>As an expert in the reception and forwarding of coffee in France, the Soci\\u00e9t\\u00e9 des Receveurs de Caf\\u00e9 (S.R.C.) specialises in the storage of Fair Trade food and organic products.<\\\/p>\\n\n\n<p>Supported by a competent and knowledgeable team, the S.R.C. divides its activity into three main areas:<\\\/p>\"}},{\"type\":\"html\",\"props\":{\"content\":\"\n\n<div class=\\\"dbc-background-tertiary dbc-circle dbc-circle-large dbc-circle-top-right uk-border-pill\\\"><\\\/div>\\n\n\n<div class=\\\"uk-background-primary uk-margin-large-bottom dbc-circle dbc-circle-medium dbc-circle-bottom-left uk-border-pill\\\"><\\\/div>\",\"class\":\"\"}}]}]}],\"modified\":\"2022-01-17T08:57:56.236Z\",\"name\":\"Section Head\"},{\"type\":\"section\",\"props\":{\"style\":\"default\",\"width\":\"\",\"vertical_align\":\"middle\",\"title_position\":\"top-left\",\"title_rotation\":\"left\",\"title_breakpoint\":\"xl\",\"image_position\":\"center-center\",\"padding\":\"none\"},\"children\":[{\"type\":\"row\",\"props\":{\"layout\":\"1-2,1-2\",\"column_gap\":\"collapse\",\"row_gap\":\"collapse\",\"class\":\"dbc-min-height-default\"},\"children\":[{\"type\":\"column\",\"props\":{\"position_sticky_breakpoint\":\"m\",\"image_position\":\"center-center\",\"media_overlay_gradient\":\"\",\"width_medium\":\"1-2\"},\"children\":[{\"type\":\"image\",\"props\":{\"margin\":\"default\",\"image_svg_color\":\"emphasis\",\"image\":\"wp-content\\\/uploads\\\/2022\\\/01\\\/gestion-logistique.jpg\",\"image_alt\":\"Gestion logistique\",\"class\":\"uk-cover-container dbc-cover-layout uk-height-1-1 dbc-min-height-xsmall\"}}]},{\"type\":\"column\",\"props\":{\"position_sticky_breakpoint\":\"m\",\"image_position\":\"center-center\",\"media_overlay_gradient\":\"\",\"width_medium\":\"1-2\",\"style\":\"primary\",\"vertical_align\":\"middle\",\"padding\":\"large\"},\"children\":[{\"type\":\"headline\",\"props\":{\"title_element\":\"h2\",\"content\":\"A storage capacity of 12,000 m\\u00b2 for 160,000 bags of coffee\",\"title_decoration\":\"bullet\"}},{\"type\":\"text\",\"props\":{\"margin\":\"default\",\"column_breakpoint\":\"m\",\"content\":\"\n\n<p>Built in 2005, the S.R.C. warehouse is designed for mass storage. 50,000 tonnes of coffee pass through the warehouse every year.<\\\/p>\\n\n\n<p>It is the first warehouse in Europe to be awarded the \\\"European Free Trade Zone\\\" label, and is also approved by the London LIFFE futures market for receiving and storing Robusta coffees.<\\\/p>\"}}]}]},{\"type\":\"row\",\"props\":{\"layout\":\"1-2,1-2\",\"column_gap\":\"collapse\",\"row_gap\":\"collapse\",\"class\":\"dbc-min-height-default\"},\"children\":[{\"type\":\"column\",\"props\":{\"position_sticky_breakpoint\":\"m\",\"image_position\":\"center-center\",\"media_overlay_gradient\":\"\",\"width_medium\":\"1-2\",\"class\":\"\",\"padding\":\"large\"},\"children\":[{\"type\":\"image\",\"props\":{\"margin\":\"default\",\"image_svg_color\":\"emphasis\",\"image\":\"wp-content\\\/uploads\\\/2022\\\/01\\\/transitaire-scaled.jpg\",\"image_alt\":\"Plus qu'un transitaire\",\"class\":\"uk-cover-container dbc-cover-layout uk-height-1-1 dbc-min-height-xsmall\"}}]},{\"type\":\"column\",\"props\":{\"position_sticky_breakpoint\":\"m\",\"image_position\":\"center-center\",\"media_overlay_gradient\":\"\",\"width_medium\":\"1-2\",\"vertical_align\":\"middle\",\"style\":\"secondary\",\"padding\":\"large\",\"class\":\"dbc-tile-tertiary\",\"order_first\":\"xs\"},\"children\":[{\"type\":\"headline\",\"props\":{\"title_element\":\"h2\",\"content\":\"A comprehensive handling offer\",\"title_decoration\":\"bullet\"}},{\"type\":\"text\",\"props\":{\"margin\":\"default\",\"column_breakpoint\":\"m\",\"content\":\"\n\n<p>From collecting your containers at the port terminals to their unloading, storage, and reloading, S.R.C. provides all services according to your instructions.<\\\/p>\"}}]}]},{\"type\":\"row\",\"props\":{\"layout\":\"1-2,1-2\",\"column_gap\":\"collapse\",\"row_gap\":\"collapse\",\"class\":\"dbc-min-height-default\"},\"children\":[{\"type\":\"column\",\"props\":{\"position_sticky_breakpoint\":\"m\",\"image_position\":\"center-center\",\"media_overlay_gradient\":\"\",\"width_medium\":\"1-2\"},\"children\":[{\"type\":\"image\",\"props\":{\"margin\":\"default\",\"image_svg_color\":\"emphasis\",\"image\":\"wp-content\\\/uploads\\\/2022\\\/01\\\/e-commerce-scaled.jpg\",\"image_alt\":\"Gestion logistique\",\"class\":\"uk-cover-container dbc-cover-layout uk-height-1-1 dbc-min-height-xsmall\"}}]},{\"type\":\"column\",\"props\":{\"position_sticky_breakpoint\":\"m\",\"image_position\":\"center-center\",\"media_overlay_gradient\":\"\",\"width_medium\":\"1-2\",\"style\":\"primary\",\"vertical_align\":\"middle\",\"class\":\"dbc-tile-quaternary\"},\"children\":[{\"type\":\"headline\",\"props\":{\"title_element\":\"h2\",\"content\":\"A quality warehouse management system\",\"title_decoration\":\"bullet\"}},{\"type\":\"text\",\"props\":{\"margin\":\"default\",\"column_breakpoint\":\"m\",\"content\":\"\n\n<p>S.R.C. is equipped with a management tool enabling it to monitor operations and manage inventory in real time.<\\\/p>\\n\n\n<p>Thanks to this system, transactions become more fluid and formalities are streamlined.<\\\/p>\\n\n\n<p><\\\/p>\\n\n\n<p>For more information: <span><a href=\\\"http:\\\/\\\/www.receveurs-de-cafe.fr\\\">www.receveurs-de-cafe.fr<\\\/a><\\\/span><\\\/p>\"}}]}]}]}],\"version\":\"2.7.21\"} --><\/p>\n","protected":false},"excerpt":{"rendered":"<p>Tramar S.R.C As an expert in the reception and forwarding of coffee in France, the Soci\u00e9t\u00e9 des Receveurs de Caf\u00e9 (S.R.C.) specialises in the storage of Fair Trade food and organic products. Supported by a competent and knowledgeable team, the S.R.C. divides its activity into three main areas: A storage capacity of 12,000 m\u00b2 for [&hellip;]<\/p>\n","protected":false},"author":1,"featured_media":0,"parent":1577,"menu_order":0,"comment_status":"closed","ping_status":"closed","template":"","meta":{"footnotes":""},"class_list":["post-1589","page","type-page","status-publish","hentry"],"yoast_head":"<!-- This site is optimized with the Yoast SEO plugin v27.6 - https:\/\/yoast.com\/product\/yoast-seo-wordpress\/ -->\n<title>Tramar S.R.C - SAVINO DEL BENE - TRAMAR<\/title>\n<meta name=\"description\" content=\"the Soci\u00e9t\u00e9 des Receveurs de Caf\u00e9 (S.R.C.) is dedicated to the storage of agri-food and organic products from Fair Trade.\" \/>\n<meta name=\"robots\" content=\"index, follow, max-snippet:-1, max-image-preview:large, max-video-preview:-1\" \/>\n<link rel=\"canonical\" href=\"https:\/\/www.tramar-sa.fr\/nos-filiales\/tramar-s-r-c\/\" \/>\n<meta property=\"og:locale\" content=\"en_US\" \/>\n<meta property=\"og:type\" content=\"article\" \/>\n<meta property=\"og:title\" content=\"Tramar S.R.C - SAVINO DEL BENE - TRAMAR\" \/>\n<meta property=\"og:description\" content=\"the Soci\u00e9t\u00e9 des Receveurs de Caf\u00e9 (S.R.C.) is dedicated to the storage of agri-food and organic products from Fair Trade.\" \/>\n<meta property=\"og:url\" content=\"https:\/\/www.tramar-sa.fr\/nos-filiales\/tramar-s-r-c\/\" \/>\n<meta property=\"og:site_name\" content=\"SAVINO DEL BENE - TRAMAR\" \/>\n<meta property=\"article:modified_time\" content=\"2022-04-29T14:27:35+00:00\" \/>\n<meta property=\"og:image\" content=\"https:\/\/www.tramar-sa.fr\/wp-content\/uploads\/2022\/01\/tramar-commissionnaire-en-transport-scaled.jpg\" \/>\n\t<meta property=\"og:image:width\" content=\"2560\" \/>\n\t<meta property=\"og:image:height\" content=\"1223\" \/>\n\t<meta property=\"og:image:type\" content=\"image\/jpeg\" \/>\n<meta name=\"twitter:card\" content=\"summary_large_image\" \/>\n<meta name=\"twitter:label1\" content=\"Est. reading time\" \/>\n\t<meta name=\"twitter:data1\" content=\"1 minute\" \/>\n<script type=\"application\/ld+json\" class=\"yoast-schema-graph\">{\"@context\":\"https:\\\/\\\/schema.org\",\"@graph\":[{\"@type\":\"WebPage\",\"@id\":\"https:\\\/\\\/www.tramar-sa.fr\\\/nos-filiales\\\/tramar-s-r-c\\\/\",\"url\":\"https:\\\/\\\/www.tramar-sa.fr\\\/nos-filiales\\\/tramar-s-r-c\\\/\",\"name\":\"Tramar S.R.C - SAVINO DEL BENE - TRAMAR\",\"isPartOf\":{\"@id\":\"https:\\\/\\\/www.tramar-sa.fr\\\/#website\"},\"datePublished\":\"2022-01-19T10:15:05+00:00\",\"dateModified\":\"2022-04-29T14:27:35+00:00\",\"description\":\"the Soci\u00e9t\u00e9 des Receveurs de Caf\u00e9 (S.R.C.) is dedicated to the storage of agri-food and organic products from Fair Trade.\",\"breadcrumb\":{\"@id\":\"https:\\\/\\\/www.tramar-sa.fr\\\/nos-filiales\\\/tramar-s-r-c\\\/#breadcrumb\"},\"inLanguage\":\"en-US\",\"potentialAction\":[{\"@type\":\"ReadAction\",\"target\":[\"https:\\\/\\\/www.tramar-sa.fr\\\/nos-filiales\\\/tramar-s-r-c\\\/\"]}]},{\"@type\":\"BreadcrumbList\",\"@id\":\"https:\\\/\\\/www.tramar-sa.fr\\\/nos-filiales\\\/tramar-s-r-c\\\/#breadcrumb\",\"itemListElement\":[{\"@type\":\"ListItem\",\"position\":1,\"name\":\"Accueil\",\"item\":\"https:\\\/\\\/www.tramar-sa.fr\\\/\"},{\"@type\":\"ListItem\",\"position\":2,\"name\":\"Our subsidiaries\",\"item\":\"https:\\\/\\\/www.tramar-sa.fr\\\/nos-filiales\\\/\"},{\"@type\":\"ListItem\",\"position\":3,\"name\":\"Tramar S.R.C\"}]},{\"@type\":\"WebSite\",\"@id\":\"https:\\\/\\\/www.tramar-sa.fr\\\/#website\",\"url\":\"https:\\\/\\\/www.tramar-sa.fr\\\/\",\"name\":\"SAVINO DEL BENE - TRAMAR\",\"description\":\"SAVINO DEL BENE - TRAMAR\",\"potentialAction\":[{\"@type\":\"SearchAction\",\"target\":{\"@type\":\"EntryPoint\",\"urlTemplate\":\"https:\\\/\\\/www.tramar-sa.fr\\\/?s={search_term_string}\"},\"query-input\":{\"@type\":\"PropertyValueSpecification\",\"valueRequired\":true,\"valueName\":\"search_term_string\"}}],\"inLanguage\":\"en-US\"}]}<\/script>\n<!-- \/ Yoast SEO plugin. -->","yoast_head_json":{"title":"Tramar S.R.C - SAVINO DEL BENE - TRAMAR","description":"the Soci\u00e9t\u00e9 des Receveurs de Caf\u00e9 (S.R.C.) is dedicated to the storage of agri-food and organic products from Fair Trade.","robots":{"index":"index","follow":"follow","max-snippet":"max-snippet:-1","max-image-preview":"max-image-preview:large","max-video-preview":"max-video-preview:-1"},"canonical":"https:\/\/www.tramar-sa.fr\/nos-filiales\/tramar-s-r-c\/","og_locale":"en_US","og_type":"article","og_title":"Tramar S.R.C - SAVINO DEL BENE - TRAMAR","og_description":"the Soci\u00e9t\u00e9 des Receveurs de Caf\u00e9 (S.R.C.) is dedicated to the storage of agri-food and organic products from Fair Trade.","og_url":"https:\/\/www.tramar-sa.fr\/nos-filiales\/tramar-s-r-c\/","og_site_name":"SAVINO DEL BENE - TRAMAR","article_modified_time":"2022-04-29T14:27:35+00:00","og_image":[{"width":2560,"height":1223,"url":"https:\/\/www.tramar-sa.fr\/wp-content\/uploads\/2022\/01\/tramar-commissionnaire-en-transport-scaled.jpg","type":"image\/jpeg"}],"twitter_card":"summary_large_image","twitter_misc":{"Est. reading time":"1 minute"},"schema":{"@context":"https:\/\/schema.org","@graph":[{"@type":"WebPage","@id":"https:\/\/www.tramar-sa.fr\/nos-filiales\/tramar-s-r-c\/","url":"https:\/\/www.tramar-sa.fr\/nos-filiales\/tramar-s-r-c\/","name":"Tramar S.R.C - SAVINO DEL BENE - TRAMAR","isPartOf":{"@id":"https:\/\/www.tramar-sa.fr\/#website"},"datePublished":"2022-01-19T10:15:05+00:00","dateModified":"2022-04-29T14:27:35+00:00","description":"the Soci\u00e9t\u00e9 des Receveurs de Caf\u00e9 (S.R.C.) is dedicated to the storage of agri-food and organic products from Fair Trade.","breadcrumb":{"@id":"https:\/\/www.tramar-sa.fr\/nos-filiales\/tramar-s-r-c\/#breadcrumb"},"inLanguage":"en-US","potentialAction":[{"@type":"ReadAction","target":["https:\/\/www.tramar-sa.fr\/nos-filiales\/tramar-s-r-c\/"]}]},{"@type":"BreadcrumbList","@id":"https:\/\/www.tramar-sa.fr\/nos-filiales\/tramar-s-r-c\/#breadcrumb","itemListElement":[{"@type":"ListItem","position":1,"name":"Accueil","item":"https:\/\/www.tramar-sa.fr\/"},{"@type":"ListItem","position":2,"name":"Our subsidiaries","item":"https:\/\/www.tramar-sa.fr\/nos-filiales\/"},{"@type":"ListItem","position":3,"name":"Tramar S.R.C"}]},{"@type":"WebSite","@id":"https:\/\/www.tramar-sa.fr\/#website","url":"https:\/\/www.tramar-sa.fr\/","name":"SAVINO DEL BENE - TRAMAR","description":"SAVINO DEL BENE - TRAMAR","potentialAction":[{"@type":"SearchAction","target":{"@type":"EntryPoint","urlTemplate":"https:\/\/www.tramar-sa.fr\/?s={search_term_string}"},"query-input":{"@type":"PropertyValueSpecification","valueRequired":true,"valueName":"search_term_string"}}],"inLanguage":"en-US"}]}},"_links":{"self":[{"href":"https:\/\/www.tramar-sa.fr\/en\/wp-json\/wp\/v2\/pages\/1589","targetHints":{"allow":["GET"]}}],"collection":[{"href":"https:\/\/www.tramar-sa.fr\/en\/wp-json\/wp\/v2\/pages"}],"about":[{"href":"https:\/\/www.tramar-sa.fr\/en\/wp-json\/wp\/v2\/types\/page"}],"author":[{"embeddable":true,"href":"https:\/\/www.tramar-sa.fr\/en\/wp-json\/wp\/v2\/users\/1"}],"replies":[{"embeddable":true,"href":"https:\/\/www.tramar-sa.fr\/en\/wp-json\/wp\/v2\/comments?post=1589"}],"version-history":[{"count":2,"href":"https:\/\/www.tramar-sa.fr\/en\/wp-json\/wp\/v2\/pages\/1589\/revisions"}],"predecessor-version":[{"id":1864,"href":"https:\/\/www.tramar-sa.fr\/en\/wp-json\/wp\/v2\/pages\/1589\/revisions\/1864"}],"up":[{"embeddable":true,"href":"https:\/\/www.tramar-sa.fr\/en\/wp-json\/wp\/v2\/pages\/1577"}],"wp:attachment":[{"href":"https:\/\/www.tramar-sa.fr\/en\/wp-json\/wp\/v2\/media?parent=1589"}],"curies":[{"name":"wp","href":"https:\/\/api.w.org\/{rel}","templated":true}]}}