{"id":1577,"date":"2022-01-04T14:39:16","date_gmt":"2022-01-04T14:39:16","guid":{"rendered":"https:\/\/www.tramar-sa.fr\/nos-filiales\/"},"modified":"2025-06-16T14:12:50","modified_gmt":"2025-06-16T14:12:50","slug":"our-subsidiaries","status":"publish","type":"page","link":"https:\/\/www.tramar-sa.fr\/en\/our-subsidiaries\/","title":{"rendered":"Our subsidiaries"},"content":{"rendered":"<h1>Our subsidiaries<\/h1>\n<div>\n<p>The SAVINO DEL BENE &#8211; TRAMAR Group expands its skills through several subsidiaries enabling it to offer solid, targeted expertise in specific sectors of activity<\/p>\n<\/div>\n<div>\n<div class=\"dbc-background-quaternary dbc-circle dbc-circle-large dbc-circle-top-right uk-border-pill\"><\/div>\n<div class=\"uk-background-primary uk-margin-large-bottom dbc-circle dbc-circle-medium dbc-circle-bottom-left uk-border-pill\"><\/div>\n<\/div>\n<p><img decoding=\"async\" src=\"\/wp-content\/uploads\/2022\/01\/transit-aerien.jpg\" alt=\"Tramar Transit A\u00e9rien\"><\/p>\n<h2>Tramar Air Transit<\/h2>\n<div>\n<p>Supported by a network of agents throughout the world, Tramar Air Transit organises, coordinates, and oversees your import\/export\/cross trade shipments, constantly anticipating and optimising costs, and client information.<\/p>\n<\/div>\n<p><p>\n        <a href=\"https:\/\/www.tramar-sa.fr\/en\/our-subsidiaries\/tramar-air-transit\/\">Learn More<\/a>\n    <\/p>\n<\/p>\n<p><img decoding=\"async\" src=\"\/wp-content\/uploads\/2022\/01\/e-commerce-scaled.jpg\" alt=\"Tramar B.L.D International Logistics\"><\/p>\n<h2><span>Tramar B.L.D International Logistics<\/span><\/h2>\n<div>\n<p>BLD International Logistics, a 100% subsidiary of the SAVINO DEL BENE &#8211; TRAMAR Group, is <strong>ISO 9001 certified<\/strong> and operates throughout the entire logistics chain. It runs a 42,000 m\u00b2 warehouse in Le Havre, the leading French port.<\/p>\n<\/div>\n<p><p>\n        <a href=\"https:\/\/www.tramar-sa.fr\/en\/our-subsidiaries\/tramar-b-l-d-international-logistics\/\">Learn more<\/a>\n    <\/p>\n<\/p>\n<p><img decoding=\"async\" src=\"\/wp-content\/uploads\/2022\/01\/transport-routier-scaled.jpg\" alt=\"Transport routier\"><\/p>\n<h2><span>Tramar S.R.C<\/span><\/h2>\n<div>\n<p>As an expert in the reception and forwarding of coffee in France, the Soci\u00e9t\u00e9 des Receveurs de Caf\u00e9 (S.R.C.) specialises in the storage of Fair Trade food and organic products.<\/p>\n<\/div>\n<p><p>\n        <a href=\"https:\/\/www.tramar-sa.fr\/en\/our-subsidiaries\/tramar-s-r-c\/\">Learn More<\/a>\n    <\/p>\n<\/p>\n<p><!--more--><br \/>\n<!-- {\"type\":\"layout\",\"children\":[{\"type\":\"section\",\"props\":{\"image_position\":\"center-center\",\"overlap\":false,\"padding\":\"none\",\"preserve_color\":true,\"style\":\"secondary\",\"title_breakpoint\":\"xl\",\"title_position\":\"top-left\",\"title_rotation\":\"left\",\"vertical_align\":\"\",\"width\":\"\"},\"children\":[{\"type\":\"row\",\"props\":{\"column_gap\":\"collapse\",\"layout\":\"3-5,2-5\",\"row_gap\":\"collapse\"},\"children\":[{\"type\":\"column\",\"props\":{\"image\":\"wp-content\\\/uploads\\\/2022\\\/01\\\/nos-filiales.jpg\",\"image_position\":\"center-center\",\"image_size\":\"cover\",\"padding\":\"large\",\"position_sticky_breakpoint\":\"m\",\"preserve_color\":true,\"style\":\"tile-secondary\",\"vertical_align\":\"middle\",\"width_medium\":\"3-5\"}},{\"type\":\"column\",\"props\":{\"class\":\"dbc-tile-presentation-top uk-position-relative\",\"image_position\":\"center-center\",\"image_size\":\"cover\",\"order_first\":\"m\",\"position_sticky_breakpoint\":\"m\",\"preserve_color\":true,\"style\":\"tile-secondary\",\"vertical_align\":\"middle\",\"width_medium\":\"2-5\"},\"children\":[{\"type\":\"headline\",\"props\":{\"content\":\"Our subsidiaries\",\"title_color\":\"emphasis\",\"title_element\":\"h1\"}},{\"type\":\"text\",\"props\":{\"column_breakpoint\":\"m\",\"content\":\"\n\n<p>The SAVINO DEL BENE - TRAMAR Group expands its skills through several subsidiaries enabling it to offer solid, targeted expertise in specific sectors of activity<\\\/p>\",\"margin\":\"default\",\"text_color\":\"emphasis\"}},{\"type\":\"html\",\"props\":{\"content\":\"\n\n<div class=\\\"dbc-background-quaternary dbc-circle dbc-circle-large dbc-circle-top-right uk-border-pill\\\"><\\\/div>\\n\n\n<div class=\\\"uk-background-primary uk-margin-large-bottom dbc-circle dbc-circle-medium dbc-circle-bottom-left uk-border-pill\\\"><\\\/div>\"}}]}]}],\"modified\":\"2022-01-17T08:57:56.236Z\",\"name\":\"Section Head\"},{\"type\":\"section\",\"props\":{\"image_position\":\"center-center\",\"padding\":\"none\",\"style\":\"default\",\"title_breakpoint\":\"xl\",\"title_position\":\"top-left\",\"title_rotation\":\"left\",\"vertical_align\":\"\",\"width\":\"\"},\"children\":[{\"type\":\"row\",\"props\":{\"class\":\"dbc-min-height-default\",\"column_gap\":\"collapse\",\"layout\":\"1-2,1-2\",\"row_gap\":\"collapse\"},\"children\":[{\"type\":\"column\",\"props\":{\"image_position\":\"center-center\",\"position_sticky_breakpoint\":\"m\",\"width_medium\":\"1-2\"},\"children\":[{\"type\":\"image\",\"props\":{\"class\":\"uk-cover-container dbc-cover-layout uk-height-1-1 dbc-min-height-xsmall\",\"image\":\"wp-content\\\/uploads\\\/2022\\\/01\\\/transit-aerien.jpg\",\"image_alt\":\"Tramar Transit A\\u00e9rien\",\"image_svg_color\":\"emphasis\",\"margin\":\"default\"}}]},{\"type\":\"column\",\"props\":{\"class\":\"dbc-tile-quaternary\",\"image_position\":\"center-center\",\"position_sticky_breakpoint\":\"m\",\"style\":\"tile-primary\",\"vertical_align\":\"middle\",\"width_medium\":\"1-2\"},\"children\":[{\"type\":\"headline\",\"props\":{\"content\":\"Tramar Air Transit\",\"title_decoration\":\"bullet\",\"title_element\":\"h2\",\"title_style\":\"h1\"}},{\"type\":\"text\",\"props\":{\"column_breakpoint\":\"m\",\"content\":\"\n\n<p>Supported by a network of agents throughout the world, Tramar Air Transit organises, coordinates, and oversees your import\\\/export\\\/cross trade shipments, constantly anticipating and optimising costs, and client information.<\\\/p>\",\"margin\":\"default\"}},{\"type\":\"button\",\"props\":{\"button_size\":\"small\",\"grid_column_gap\":\"small\",\"grid_row_gap\":\"small\",\"margin\":\"default\"},\"children\":[{\"type\":\"button_item\",\"props\":{\"button_style\":\"primary\",\"content\":\"Learn More\",\"dialog_layout\":\"modal\",\"dialog_offcanvas_flip\":true,\"icon_align\":\"left\",\"link\":\"en\\\/our-subsidiaries\\\/tramar-air-transit\\\/\"}}]}]}]},{\"type\":\"row\",\"props\":{\"class\":\"dbc-min-height-default\",\"column_gap\":\"collapse\",\"layout\":\"1-2,1-2\",\"row_gap\":\"collapse\"},\"children\":[{\"type\":\"column\",\"props\":{\"image_position\":\"center-center\",\"position_sticky_breakpoint\":\"m\",\"width_medium\":\"1-2\"},\"children\":[{\"type\":\"image\",\"props\":{\"class\":\"uk-cover-container dbc-cover-layout uk-height-1-1 dbc-min-height-xsmall\",\"image\":\"wp-content\\\/uploads\\\/2022\\\/01\\\/e-commerce-scaled.jpg\",\"image_alt\":\"Tramar B.L.D International Logistics\",\"image_svg_color\":\"emphasis\",\"margin\":\"default\"}}]},{\"type\":\"column\",\"props\":{\"class\":\"dbc-tile-tertiary\",\"image_position\":\"center-center\",\"order_first\":\"m\",\"position_sticky_breakpoint\":\"m\",\"style\":\"tile-primary\",\"vertical_align\":\"middle\",\"width_medium\":\"1-2\"},\"children\":[{\"type\":\"headline\",\"props\":{\"content\":\"<span>Tramar B.L.D International Logistics<\\\/span>\",\"title_decoration\":\"bullet\",\"title_element\":\"h2\",\"title_style\":\"h1\"}},{\"type\":\"text\",\"props\":{\"column_breakpoint\":\"m\",\"content\":\"\n\n<p>BLD International Logistics, a 100% subsidiary of the SAVINO DEL BENE - TRAMAR Group, is <strong>ISO 9001 certified<\\\/strong> and operates throughout the entire logistics chain. It runs a 42,000 m\\u00b2 warehouse in Le Havre, the leading French port.<\\\/p>\",\"margin\":\"default\"}},{\"type\":\"button\",\"props\":{\"button_size\":\"small\",\"grid_column_gap\":\"small\",\"grid_row_gap\":\"small\",\"margin\":\"default\"},\"children\":[{\"type\":\"button_item\",\"props\":{\"button_style\":\"primary\",\"content\":\"Learn more\",\"dialog_layout\":\"modal\",\"dialog_offcanvas_flip\":true,\"icon_align\":\"left\",\"link\":\"en\\\/our-subsidiaries\\\/tramar-b-l-d-international-logistics\\\/\"}}]}]}]},{\"type\":\"row\",\"props\":{\"class\":\"dbc-min-height-default\",\"column_gap\":\"collapse\",\"layout\":\"1-2,1-2\",\"row_gap\":\"collapse\"},\"children\":[{\"type\":\"column\",\"props\":{\"image_position\":\"center-center\",\"order_first\":\"m\",\"position_sticky_breakpoint\":\"m\",\"width_medium\":\"1-2\"},\"children\":[{\"type\":\"image\",\"props\":{\"class\":\"uk-cover-container dbc-cover-layout uk-height-1-1 dbc-min-height-xsmall\",\"image\":\"wp-content\\\/uploads\\\/2022\\\/01\\\/transport-routier-scaled.jpg\",\"image_alt\":\"Transport routier\",\"image_svg_color\":\"emphasis\",\"margin\":\"default\"}}]},{\"type\":\"column\",\"props\":{\"image_position\":\"center-center\",\"position_sticky_breakpoint\":\"m\",\"style\":\"tile-primary\",\"vertical_align\":\"middle\",\"width_medium\":\"1-2\"},\"children\":[{\"type\":\"headline\",\"props\":{\"content\":\"<span>Tramar S.R.C<\\\/span>\",\"title_decoration\":\"bullet\",\"title_element\":\"h2\",\"title_style\":\"h1\"}},{\"type\":\"text\",\"props\":{\"column_breakpoint\":\"m\",\"content\":\"\n\n<p>As an expert in the reception and forwarding of coffee in France, the Soci\\u00e9t\\u00e9 des Receveurs de Caf\\u00e9 (S.R.C.) specialises in the storage of Fair Trade food and organic products.<\\\/p>\",\"margin\":\"default\"}},{\"type\":\"button\",\"props\":{\"button_size\":\"small\",\"grid_column_gap\":\"small\",\"grid_row_gap\":\"small\",\"margin\":\"default\"},\"children\":[{\"type\":\"button_item\",\"props\":{\"button_style\":\"primary\",\"content\":\"Learn More\",\"dialog_layout\":\"modal\",\"dialog_offcanvas_flip\":true,\"icon_align\":\"left\",\"link\":\"en\\\/our-subsidiaries\\\/tramar-s-r-c\\\/\"}}]}]}]}]}],\"version\":\"4.5.20\"} --><\/p>\n","protected":false},"excerpt":{"rendered":"<p>Our subsidiaries The SAVINO DEL BENE &#8211; TRAMAR Group expands its skills through several subsidiaries enabling it to offer solid, targeted expertise in specific sectors of activity Tramar Air Transit Supported by a network of agents throughout the world, Tramar Air Transit organises, coordinates, and oversees your import\/export\/cross trade shipments, constantly anticipating and optimising costs, [&hellip;]<\/p>\n","protected":false},"author":1,"featured_media":0,"parent":0,"menu_order":0,"comment_status":"closed","ping_status":"closed","template":"","meta":{"footnotes":""},"class_list":["post-1577","page","type-page","status-publish","hentry"],"yoast_head":"<!-- This site is optimized with the Yoast SEO plugin v27.3 - https:\/\/yoast.com\/product\/yoast-seo-wordpress\/ -->\n<title>Our subsidiaries - SAVINO DEL BENE - TRAMAR<\/title>\n<meta name=\"description\" content=\"Tramar Sa presents all of its subsidiaries to you: logistics, air transit as well as an expert in the reception and forwarding of coffee.\" \/>\n<meta name=\"robots\" content=\"index, follow, max-snippet:-1, max-image-preview:large, max-video-preview:-1\" \/>\n<link rel=\"canonical\" href=\"https:\/\/www.tramar-sa.fr\/nos-filiales\/\" \/>\n<meta property=\"og:locale\" content=\"en_US\" \/>\n<meta property=\"og:type\" content=\"article\" \/>\n<meta property=\"og:title\" content=\"Our subsidiaries - SAVINO DEL BENE - TRAMAR\" \/>\n<meta property=\"og:description\" content=\"Tramar Sa presents all of its subsidiaries to you: logistics, air transit as well as an expert in the reception and forwarding of coffee.\" \/>\n<meta property=\"og:url\" content=\"https:\/\/www.tramar-sa.fr\/nos-filiales\/\" \/>\n<meta property=\"og:site_name\" content=\"SAVINO DEL BENE - TRAMAR\" \/>\n<meta property=\"article:modified_time\" content=\"2025-06-16T14:12:50+00:00\" \/>\n<meta property=\"og:image\" content=\"https:\/\/www.tramar-sa.fr\/wp-content\/uploads\/2022\/01\/tramar-commissionnaire-en-transport-scaled.jpg\" \/>\n\t<meta property=\"og:image:width\" content=\"2560\" \/>\n\t<meta property=\"og:image:height\" content=\"1223\" \/>\n\t<meta property=\"og:image:type\" content=\"image\/jpeg\" \/>\n<meta name=\"twitter:card\" content=\"summary_large_image\" \/>\n<meta name=\"twitter:label1\" content=\"Est. reading time\" \/>\n\t<meta name=\"twitter:data1\" content=\"1 minute\" \/>\n<script type=\"application\/ld+json\" class=\"yoast-schema-graph\">{\"@context\":\"https:\\\/\\\/schema.org\",\"@graph\":[{\"@type\":\"WebPage\",\"@id\":\"https:\\\/\\\/www.tramar-sa.fr\\\/nos-filiales\\\/\",\"url\":\"https:\\\/\\\/www.tramar-sa.fr\\\/nos-filiales\\\/\",\"name\":\"Our subsidiaries - SAVINO DEL BENE - TRAMAR\",\"isPartOf\":{\"@id\":\"https:\\\/\\\/www.tramar-sa.fr\\\/#website\"},\"datePublished\":\"2022-01-04T14:39:16+00:00\",\"dateModified\":\"2025-06-16T14:12:50+00:00\",\"description\":\"Tramar Sa presents all of its subsidiaries to you: logistics, air transit as well as an expert in the reception and forwarding of coffee.\",\"breadcrumb\":{\"@id\":\"https:\\\/\\\/www.tramar-sa.fr\\\/nos-filiales\\\/#breadcrumb\"},\"inLanguage\":\"en-US\",\"potentialAction\":[{\"@type\":\"ReadAction\",\"target\":[\"https:\\\/\\\/www.tramar-sa.fr\\\/nos-filiales\\\/\"]}]},{\"@type\":\"BreadcrumbList\",\"@id\":\"https:\\\/\\\/www.tramar-sa.fr\\\/nos-filiales\\\/#breadcrumb\",\"itemListElement\":[{\"@type\":\"ListItem\",\"position\":1,\"name\":\"Accueil\",\"item\":\"https:\\\/\\\/www.tramar-sa.fr\\\/\"},{\"@type\":\"ListItem\",\"position\":2,\"name\":\"Our subsidiaries\"}]},{\"@type\":\"WebSite\",\"@id\":\"https:\\\/\\\/www.tramar-sa.fr\\\/#website\",\"url\":\"https:\\\/\\\/www.tramar-sa.fr\\\/\",\"name\":\"SAVINO DEL BENE - TRAMAR\",\"description\":\"SAVINO DEL BENE - TRAMAR\",\"potentialAction\":[{\"@type\":\"SearchAction\",\"target\":{\"@type\":\"EntryPoint\",\"urlTemplate\":\"https:\\\/\\\/www.tramar-sa.fr\\\/?s={search_term_string}\"},\"query-input\":{\"@type\":\"PropertyValueSpecification\",\"valueRequired\":true,\"valueName\":\"search_term_string\"}}],\"inLanguage\":\"en-US\"}]}<\/script>\n<!-- \/ Yoast SEO plugin. -->","yoast_head_json":{"title":"Our subsidiaries - SAVINO DEL BENE - TRAMAR","description":"Tramar Sa presents all of its subsidiaries to you: logistics, air transit as well as an expert in the reception and forwarding of coffee.","robots":{"index":"index","follow":"follow","max-snippet":"max-snippet:-1","max-image-preview":"max-image-preview:large","max-video-preview":"max-video-preview:-1"},"canonical":"https:\/\/www.tramar-sa.fr\/nos-filiales\/","og_locale":"en_US","og_type":"article","og_title":"Our subsidiaries - SAVINO DEL BENE - TRAMAR","og_description":"Tramar Sa presents all of its subsidiaries to you: logistics, air transit as well as an expert in the reception and forwarding of coffee.","og_url":"https:\/\/www.tramar-sa.fr\/nos-filiales\/","og_site_name":"SAVINO DEL BENE - TRAMAR","article_modified_time":"2025-06-16T14:12:50+00:00","og_image":[{"width":2560,"height":1223,"url":"https:\/\/www.tramar-sa.fr\/wp-content\/uploads\/2022\/01\/tramar-commissionnaire-en-transport-scaled.jpg","type":"image\/jpeg"}],"twitter_card":"summary_large_image","twitter_misc":{"Est. reading time":"1 minute"},"schema":{"@context":"https:\/\/schema.org","@graph":[{"@type":"WebPage","@id":"https:\/\/www.tramar-sa.fr\/nos-filiales\/","url":"https:\/\/www.tramar-sa.fr\/nos-filiales\/","name":"Our subsidiaries - SAVINO DEL BENE - TRAMAR","isPartOf":{"@id":"https:\/\/www.tramar-sa.fr\/#website"},"datePublished":"2022-01-04T14:39:16+00:00","dateModified":"2025-06-16T14:12:50+00:00","description":"Tramar Sa presents all of its subsidiaries to you: logistics, air transit as well as an expert in the reception and forwarding of coffee.","breadcrumb":{"@id":"https:\/\/www.tramar-sa.fr\/nos-filiales\/#breadcrumb"},"inLanguage":"en-US","potentialAction":[{"@type":"ReadAction","target":["https:\/\/www.tramar-sa.fr\/nos-filiales\/"]}]},{"@type":"BreadcrumbList","@id":"https:\/\/www.tramar-sa.fr\/nos-filiales\/#breadcrumb","itemListElement":[{"@type":"ListItem","position":1,"name":"Accueil","item":"https:\/\/www.tramar-sa.fr\/"},{"@type":"ListItem","position":2,"name":"Our subsidiaries"}]},{"@type":"WebSite","@id":"https:\/\/www.tramar-sa.fr\/#website","url":"https:\/\/www.tramar-sa.fr\/","name":"SAVINO DEL BENE - TRAMAR","description":"SAVINO DEL BENE - TRAMAR","potentialAction":[{"@type":"SearchAction","target":{"@type":"EntryPoint","urlTemplate":"https:\/\/www.tramar-sa.fr\/?s={search_term_string}"},"query-input":{"@type":"PropertyValueSpecification","valueRequired":true,"valueName":"search_term_string"}}],"inLanguage":"en-US"}]}},"_links":{"self":[{"href":"https:\/\/www.tramar-sa.fr\/en\/wp-json\/wp\/v2\/pages\/1577","targetHints":{"allow":["GET"]}}],"collection":[{"href":"https:\/\/www.tramar-sa.fr\/en\/wp-json\/wp\/v2\/pages"}],"about":[{"href":"https:\/\/www.tramar-sa.fr\/en\/wp-json\/wp\/v2\/types\/page"}],"author":[{"embeddable":true,"href":"https:\/\/www.tramar-sa.fr\/en\/wp-json\/wp\/v2\/users\/1"}],"replies":[{"embeddable":true,"href":"https:\/\/www.tramar-sa.fr\/en\/wp-json\/wp\/v2\/comments?post=1577"}],"version-history":[{"count":7,"href":"https:\/\/www.tramar-sa.fr\/en\/wp-json\/wp\/v2\/pages\/1577\/revisions"}],"predecessor-version":[{"id":2833,"href":"https:\/\/www.tramar-sa.fr\/en\/wp-json\/wp\/v2\/pages\/1577\/revisions\/2833"}],"wp:attachment":[{"href":"https:\/\/www.tramar-sa.fr\/en\/wp-json\/wp\/v2\/media?parent=1577"}],"curies":[{"name":"wp","href":"https:\/\/api.w.org\/{rel}","templated":true}]}}